{"id":676,"date":"2023-01-12T03:35:24","date_gmt":"2023-01-12T01:35:24","guid":{"rendered":"https:\/\/melitty.com\/cosmetiques-pour-femmes\/"},"modified":"2025-08-29T16:35:56","modified_gmt":"2025-08-29T14:35:56","slug":"cosmetiques-pour-femmes","status":"publish","type":"page","link":"https:\/\/melitty.com\/fr\/","title":{"rendered":"Cosm\u00e9tiques pour femmes"},"content":{"rendered":"\n<h2>\n\t\t\tMELITTY &#8211; la premi\u00e8re cr\u00e8me pour le visage au monde \u00e0 effet Botox biologique\t<\/h2>\n\tSi vous ne voulez pas aller chez un chirurgien ou utiliser des injections de Botox, cette cr\u00e8me est faite pour vous.<br \/>\nL&rsquo;utilisation r\u00e9guli\u00e8re de cette cr\u00e8me conf\u00e8re \u00e0 la peau un effet lifting Botox naturel et durable, les rides sont liss\u00e9es et la peau est agr\u00e9ablement douce, propre, brillante, lisse, belle et saine. \n\t\t\t\t<img decoding=\"async\" src=\"https:\/\/melitty.com\/wp-content\/uploads\/2023\/01\/melitty-remium-cream.jpg\" alt=\"melitty-remium-cream\" itemprop=\"image\" height=\"1024\" width=\"1024\" title=\"melitty-remium-cream\" onerror=\"this.style.display='none'\" loading='lazy' \/>\n\t<h3>MELITTY<\/h3>\n<p>PREMIUM<\/p>\n<h3>\n\t\t\tUne gamme premium de cr\u00e8me Botox pour lisser les rides et faire dispara\u00eetre les taches de vieillesse.\t<\/h3>\n\t<p>Une cr\u00e8me de traitement du visage contenant des peptides actifs du Botox et du venin d&rsquo;abeille a \u00e9t\u00e9 mise au point pour maintenir le tonus naturel de la peau et att\u00e9nuer les taches brunes pour un teint plus \u00e9clatant.  <a href=\"#\">Lire la suite<\/a><\/p>\n\t\t\t<a href=\"#join-the-project\" target=\"_self\">\n\t\t\t\t\t\t\tDevenir membre du projet\n\t\t\t\t\t<\/a>\n\t\t\t<h3>MELITTY<\/h3>\n<p>PREMIUM<\/p>\n<p>Une cr\u00e8me de traitement du visage contenant des peptides actifs du Botox et du venin d&rsquo;abeille a \u00e9t\u00e9 mise au point pour maintenir le tonus naturel de la peau et att\u00e9nuer les taches brunes pour un teint plus \u00e9clatant.<\/p>\n<p>Il s&rsquo;agit d&rsquo;une combinaison sp\u00e9ciale d&rsquo;extraits v\u00e9g\u00e9taux naturels, dont des peptides de soie, des extraits d&rsquo;olivier, d&rsquo;avocat, de myrtille et de citron, qui contribuent en outre \u00e0 att\u00e9nuer les taches de vieillesse. Enrichi en venin d&rsquo;abeille, en huiles naturelles et en vitamines C, E, B5, il hydrate, nourrit, prot\u00e8ge et soigne. Poss\u00e8de un facteur de protection UV. En plus de la Mellitine, ingr\u00e9dient r\u00e9volutionnaire agissant sur la peau, un ingr\u00e9dient naturel rare et tr\u00e8s co\u00fbteux, l&rsquo;extrait de racine de ginseng, a \u00e9t\u00e9 ajout\u00e9 \u00e0 la gamme MELITTY PREMIUM.<\/p>\n<p>L&rsquo;extrait de ginseng est connu pour ses propri\u00e9t\u00e9s rajeunissantes depuis des si\u00e8cles. C&rsquo;est pourquoi MELITTY PREMIUM est la cr\u00e8me la plus puissante et la plus r\u00e9volutionnaire pour une peau naturellement jeune.<\/p>\n\t\t<h5>Modal Popup &#8211; ID <\/h5>\n\t\tClick here to edit the &quot;Modal Popup&quot; settings. This text will not be visible on frontend.\t\n\t<h3>MELITTY<\/h3>\n<p>SERUM<\/p>\n<h3>\n\t\t\tS\u00e9rum pour les yeux\t<\/h3>\n\t<p>Un s\u00e9rum pour les yeux con\u00e7u pour les clients les plus exigeants. Cette cr\u00e8me anti-rides efficace contenant de la Th\u00e9olima, du venin d&rsquo;abeille, du collag\u00e8ne ferment\u00e9, de l&rsquo;acide hyaluronique et des peptides aide \u00e0 lisser la peau du contour des yeux, \u00e0 am\u00e9liorer son \u00e9lasticit\u00e9 et \u00e0 r\u00e9duire visiblement les rides, les ridules et les rides d&rsquo;expression.  <a href=\"#\">Lire la suite<\/a><\/p>\n\t\t\t<a href=\"#join-the-project\" target=\"_self\">\n\t\t\t\t\t\t\tDevenir membre du projet\n\t\t\t\t\t<\/a>\n\t\t\t<h3>MELITTY<\/h3>\n<p>SERUM<\/p>\n<p>Un s\u00e9rum pour les yeux con\u00e7u pour les clients les plus exigeants. Cette cr\u00e8me anti-rides efficace contenant de la Th\u00e9olima, du venin d&rsquo;abeille, du collag\u00e8ne ferment\u00e9, de l&rsquo;acide hyaluronique et des peptides aide \u00e0 lisser la peau du contour des yeux, \u00e0 am\u00e9liorer son \u00e9lasticit\u00e9 et \u00e0 r\u00e9duire visiblement les rides, les ridules et les rides d&rsquo;expression.<\/p>\n<p>Les acides amin\u00e9s et les peptides resserrent et raffermissent la peau en favorisant la synth\u00e8se du collag\u00e8ne et de l&rsquo;\u00e9lastine, la niacinamide am\u00e9liore l&rsquo;\u00e9lasticit\u00e9 de la peau et \u00e9claircit l&rsquo;hyperpigmentation. Des extraits naturels et des huiles assurent une bonne hydratation. La m\u00e9littine, en agissant sur le collag\u00e8ne et en am\u00e9liorant la circulation sanguine, remplit la fonction principale de l&rsquo;effet de lifting organique du Botox.<\/p>\n\t\t<h5>Modal Popup &#8211; ID <\/h5>\n\t\tClick here to edit the &quot;Modal Popup&quot; settings. This text will not be visible on frontend.\t\n\t\t\t\t<img decoding=\"async\" src=\"https:\/\/melitty.com\/wp-content\/uploads\/2023\/01\/melitty-serum.png\" alt=\"MELITTY-Serum\" itemprop=\"image\" height=\"1024\" width=\"1024\" title=\"MELITTY-Serum\" onerror=\"this.style.display='none'\" loading='lazy' \/>\n\t\t\t\t<img decoding=\"async\" src=\"https:\/\/melitty.com\/wp-content\/uploads\/2023\/01\/melitty-moonlight.png\" alt=\"MELITTY-Moonlight\" itemprop=\"image\" height=\"1024\" width=\"1024\" title=\"MELITTY-Moonlight\" onerror=\"this.style.display='none'\" loading='lazy' \/>\n\t<h3>MELITTY<\/h3>\n<p>NUIT<\/p>\n\t<p>Pour les femmes qui aiment le nec plus ultra en mati\u00e8re de soins, une cr\u00e8me sp\u00e9ciale a \u00e9t\u00e9 mise au point qui continue \u00e0 nourrir votre peau pendant la nuit. La nuit, la peau doit respirer davantage et continuer \u00e0 se r\u00e9g\u00e9n\u00e9rer.<\/p>\n<p>La composition de la cr\u00e8me de nuit est exempte d&rsquo;additifs susceptibles d&rsquo;entraver de quelque mani\u00e8re que ce soit la libre respiration de la peau, y compris le facteur de protection UV, qui n&rsquo;est n\u00e9cessaire que pendant la journ\u00e9e. Avec la cr\u00e8me MELITTY NIGHT, votre peau b\u00e9n\u00e9ficie d&rsquo;un repos maximal et seuls les processus de r\u00e9g\u00e9n\u00e9ration et de gu\u00e9rison ont lieu.<\/p>\n\t\t\t<a href=\"#join-the-project\" target=\"_self\">\n\t\t\t\t\t\t\tDevenir membre du projet\n\t\t\t\t\t<\/a>\n<h2>\n\t\t\tComment le venin d&rsquo;abeille affecte-t-il ma peau ? \t<\/h2>\n\t<p>Melittin est un complexe unique \u00e0 plusieurs composants contenant plus de 18 compos\u00e9s bioactifs et 26 antioxydants d\u00e9riv\u00e9s du venin d&rsquo;abeille. Cet ingr\u00e9dient actif a fait l&rsquo;objet de recherches approfondies et ses propri\u00e9t\u00e9s de gu\u00e9rison de la peau ont d\u00e9j\u00e0 \u00e9t\u00e9 \u00e9tudi\u00e9es en profondeur au XXe si\u00e8cle.<\/p>\n<p>Il a de nombreux effets b\u00e9n\u00e9fiques sur la peau : il am\u00e9liore la circulation sanguine, a un effet antioxydant et soutient le syst\u00e8me immunitaire. La m\u00e9littine est b\u00e9n\u00e9fique pour les \u00e9rythrocytes et favorise une circulation sanguine normale dans les couches les plus profondes de la peau, am\u00e9liorant ainsi le m\u00e9tabolisme et stimulant le renouvellement cellulaire et la production d&rsquo;\u00e9lastine et de collag\u00e8ne.<\/p>\n<p>Les peptides stimulent les muscles du visage, procurant ainsi un effet liftant et revigorant. Convient \u00e0 tous les types de peau \u00e0 partir de 27 ans.<\/p>\n<h2>\n\t\t\tLes produits MELITTY sont fabriqu\u00e9s en Europe. \t<\/h2>\n\t<p>Il a fallu plus de deux ans aux meilleurs scientifiques et fabricants dans leur domaine pour le d\u00e9velopper.<\/p>\n<p>Investissements pour la recherche et le d\u00e9veloppement ont \u00e9t\u00e9 donn\u00e9s par de grands investisseurs et des coop\u00e9ratives cibl\u00e9es &#8211; des milliers d&rsquo;investisseurs de toute l&rsquo;Europe.<\/p>\n<p>Les premiers produits seront disponibles \u00e0 la vente en 2023.<\/p>\n\t<p><i>\u00ab\u00a0Le venin d&rsquo;abeille s&rsquo;est av\u00e9r\u00e9 \u00eatre extr\u00eamement puissant. Et nous avons d\u00e9couvert que la m\u00e9littine peut d\u00e9truire compl\u00e8tement les membranes des cellules canc\u00e9reuses en 60 minutes <\/i>\u00ab\u00a0, a d\u00e9clar\u00e9 l&rsquo;auteur principal de l&rsquo;\u00e9tude, Ciara Duffy, PhD, CMPP<\/p>\nR\u00e9dacteur m\u00e9dical chez Envision Pharma Group<br \/>\nSydney, Nouvelle-Galles du Sud, Australie\n<h2>\n\t\t\tMELITTY\t<\/h2>\n<h3>\n\t\t\tUn projet conjoint entre <a href=\"http:\/\/dogboss.org\/\">DOGBOSS<\/a> et la coop\u00e9rative de confiance internationale <a href=\"http:\/\/intercoop.ee\/\">InterCoop<\/a>\t<\/h3>\n\t\t\n\t\t<p>Si vous souhaitez en savoir plus sur les produits ou participer en tant que grand ou petit propri\u00e9taire, rejoignez la coop\u00e9rative InterCoop et renseignez-vous.<\/p>\n<p>Contact <a href=\"mailto:info@intercoop.ee\">info@intercoop.ee<\/a> ou via <a href=\"https:\/\/intercoop.ee\">intercoop.ee<\/a><\/p>\n\t\t\t<a href=\"https:\/\/intercoop.ee\" target=\"_blank\" rel=\"noopener\">\n\t\t\t\t\t\t\tAllez sur le site web d&rsquo;InterCoop\n\t\t\t\t\t<\/a>\n\n","protected":false},"excerpt":{"rendered":"<p>MELITTY &#8211; la premi\u00e8re cr\u00e8me pour le visage au monde \u00e0 effet Botox biologique Si vous ne voulez pas aller chez un chirurgien ou utiliser des injections de Botox, cette cr\u00e8me est faite pour vous. L&rsquo;utilisation r\u00e9guli\u00e8re de cette cr\u00e8me conf\u00e8re \u00e0 la peau un effet lifting Botox naturel et durable, les rides sont liss\u00e9es [&hellip;]<\/p>\n","protected":false},"author":1,"featured_media":0,"parent":0,"menu_order":0,"comment_status":"closed","ping_status":"closed","template":"","meta":{"inline_featured_image":false,"site-sidebar-layout":"no-sidebar","site-content-layout":"page-builder","ast-site-content-layout":"default","site-content-style":"default","site-sidebar-style":"default","ast-global-header-display":"","ast-banner-title-visibility":"","ast-main-header-display":"","ast-hfb-above-header-display":"","ast-hfb-below-header-display":"","ast-hfb-mobile-header-display":"","site-post-title":"disabled","ast-breadcrumbs-content":"","ast-featured-img":"disabled","footer-sml-layout":"","theme-transparent-header-meta":"","adv-header-id-meta":"","stick-header-meta":"","header-above-stick-meta":"","header-main-stick-meta":"","header-below-stick-meta":"","astra-migrate-meta-layouts":"default","ast-page-background-enabled":"default","ast-page-background-meta":{"desktop":{"background-color":"var(--ast-global-color-4)","background-image":"","background-repeat":"repeat","background-position":"center center","background-size":"auto","background-attachment":"scroll","background-type":"","background-media":"","overlay-type":"","overlay-color":"","overlay-opacity":"","overlay-gradient":""},"tablet":{"background-color":"","background-image":"","background-repeat":"repeat","background-position":"center center","background-size":"auto","background-attachment":"scroll","background-type":"","background-media":"","overlay-type":"","overlay-color":"","overlay-opacity":"","overlay-gradient":""},"mobile":{"background-color":"","background-image":"","background-repeat":"repeat","background-position":"center center","background-size":"auto","background-attachment":"scroll","background-type":"","background-media":"","overlay-type":"","overlay-color":"","overlay-opacity":"","overlay-gradient":""}},"ast-content-background-meta":{"desktop":{"background-color":"var(--ast-global-color-5)","background-image":"","background-repeat":"repeat","background-position":"center center","background-size":"auto","background-attachment":"scroll","background-type":"","background-media":"","overlay-type":"","overlay-color":"","overlay-opacity":"","overlay-gradient":""},"tablet":{"background-color":"var(--ast-global-color-5)","background-image":"","background-repeat":"repeat","background-position":"center center","background-size":"auto","background-attachment":"scroll","background-type":"","background-media":"","overlay-type":"","overlay-color":"","overlay-opacity":"","overlay-gradient":""},"mobile":{"background-color":"var(--ast-global-color-5)","background-image":"","background-repeat":"repeat","background-position":"center center","background-size":"auto","background-attachment":"scroll","background-type":"","background-media":"","overlay-type":"","overlay-color":"","overlay-opacity":"","overlay-gradient":""}},"footnotes":""},"class_list":["post-676","page","type-page","status-publish","hentry"],"_links":{"self":[{"href":"https:\/\/melitty.com\/fr\/wp-json\/wp\/v2\/pages\/676","targetHints":{"allow":["GET"]}}],"collection":[{"href":"https:\/\/melitty.com\/fr\/wp-json\/wp\/v2\/pages"}],"about":[{"href":"https:\/\/melitty.com\/fr\/wp-json\/wp\/v2\/types\/page"}],"author":[{"embeddable":true,"href":"https:\/\/melitty.com\/fr\/wp-json\/wp\/v2\/users\/1"}],"replies":[{"embeddable":true,"href":"https:\/\/melitty.com\/fr\/wp-json\/wp\/v2\/comments?post=676"}],"version-history":[{"count":2,"href":"https:\/\/melitty.com\/fr\/wp-json\/wp\/v2\/pages\/676\/revisions"}],"predecessor-version":[{"id":770,"href":"https:\/\/melitty.com\/fr\/wp-json\/wp\/v2\/pages\/676\/revisions\/770"}],"wp:attachment":[{"href":"https:\/\/melitty.com\/fr\/wp-json\/wp\/v2\/media?parent=676"}],"curies":[{"name":"wp","href":"https:\/\/api.w.org\/{rel}","templated":true}]}}