{"id":600,"date":"2023-01-12T03:35:24","date_gmt":"2023-01-12T01:35:24","guid":{"rendered":"https:\/\/melitty.com\/naiste-kosmeetika\/"},"modified":"2025-08-29T16:37:25","modified_gmt":"2025-08-29T14:37:25","slug":"naiste-kosmeetika","status":"publish","type":"page","link":"https:\/\/melitty.com\/et\/","title":{"rendered":"Naiste kosmeetika"},"content":{"rendered":"\n<h2>\n\t\t\tMELITTY &#8211; maailma esimene orgaaniline botoxi efektiga n\u00e4okreem\t<\/h2>\n\tKui te ei soovi minna ilukirurgi juurde v\u00f5i kasutada botoxi s\u00fcste, siis on see kreem Teile.<br \/>\nSelle kreemi pidev kasutamine j\u00e4tab nahale botoxitaolise, kuid loomuliku ja pikaajalise lifting-efekti. Kortsukesed silenevad ja nahk muutub m\u00f5nusalt pehmeks, puhtaks, s\u00e4ravaks, siledaks, kauniks ja terveks. \n\t\t\t\t<img decoding=\"async\" src=\"https:\/\/melitty.com\/wp-content\/uploads\/2023\/01\/melitty-remium-cream.jpg\" alt=\"melitty-remium-cream\" itemprop=\"image\" height=\"1024\" width=\"1024\" title=\"melitty-remium-cream\" onerror=\"this.style.display='none'\" loading='lazy' \/>\n\t<h3>MELITTY<\/h3>\n<p>PREMIUM<\/p>\n<h3>\n\t\t\tBotoxi efektiga esmaklassiline kreemisari kortsude silumiseks ja pigmendilaikude kaotamiseks.\t<\/h3>\n\t<p>Aktiivsete botoxi peptiidide ja mesilasm\u00fcrgiga ravitoimeline n\u00e4okreem on loodud s\u00e4ilitama loomulikku nahatooni ja v\u00e4hendama tumedaid laike, muutes jume erksamaks. <a href=\"#\">Loe rohkem<\/a><\/p>\n\t\t\t<a href=\"#join-the-project\" target=\"_self\">\n\t\t\t\t\t\t\tOsale projektis\n\t\t\t\t\t<\/a>\n\t\t\t<h3>MELITTY<\/h3>\n<p>PREMIUM<\/p>\n<p>Aktiivsete botoxi peptiidide ja mesilasm\u00fcrgiga taastava ja uuendava toimega n\u00e4okreem on loodud s\u00e4ilitama loomulikku nahatooni ja v\u00e4hendama tumedaid laike, muutes jume erksamaks.<\/p>\n<p>See on eriline kombinatsioon looduslikest taimeekstraktidest, sealhulgas siidipeptiididest, oliivipuu-, avokaado-, mustika- ja sidruniekstraktidest, mis aitavad v\u00e4hendada pigmendilaike. Kreem on rikastatud mesilasm\u00fcrgi, looduslike \u00f5lide ja C-, E-, B5-vitamiinidega, mis niisutab, toidab ja kaitseb nahka. Sel on UV-kiirguse eest kaitsev toime. Lisaks nahale erakordselt m\u00f5jusa aine, melittiini, sisaldab MELITTY PREMIUM esmaklassiline kreemisari haruldast ja v\u00e4ga kallist looduslikku koostisosa &#8211; \u017een\u017eenni juure ekstrakti.<\/p>\n<p>\u017den\u017eenni ekstrakt on oma noorendava toime poolest tuntud juba sajandeid. Seet\u00f5ttu ostus kreem MELITTY PREMIUM oma omadustelt p\u00f6\u00f6rdelise toimega m\u00f5jusaimaks kreemiks, muutes teie naha loomulikult nooremaks.<\/p>\n\t\t<h5>Modal Popup &#8211; ID <\/h5>\n\t\tClick here to edit the &quot;Modal Popup&quot; settings. This text will not be visible on frontend.\t\n\t<h3>MELITTY<\/h3>\n<p>SERUM<\/p>\n<h3>\n\t\t\tSeerum silma\u00fcmbruse nahale\t<\/h3>\n\t<p>Silmaseerum, mis on loodud k\u00f5ige n\u00f5udlikumatele klientidele. Silmaseerum, mis on loodud k\u00f5ige n\u00f5udlikumatele klientidele. See teolima, mesilasm\u00fcrki, fermenteeritud kollageeni, h\u00fcaruloonhapet ja peptiidide sisaldav kreem aitab siluda silma\u00fcmbruse \u00f5rna nahka, parandada selle elastsust ja v\u00e4hendada m\u00e4rgatavalt kortse ja kortsukesi ning naerukurde. <a href=\"#\">Loe rohkem<\/a><\/p>\n\t\t\t<a href=\"#join-the-project\" target=\"_self\">\n\t\t\t\t\t\t\tOsale projektis\n\t\t\t\t\t<\/a>\n\t\t\t<h3>MELITTY<\/h3>\n<p>SERUM<\/p>\n<p>Silmaseerum, mis on loodud k\u00f5ige n\u00f5udlikumatele klientidele. Silmaseerum, mis on loodud k\u00f5ige n\u00f5udlikumatele klientidele. See teolima, mesilasm\u00fcrki, fermenteeritud kollageeni, h\u00fcaruloonhapet ja peptiidide sisaldav kreem aitab siluda silma\u00fcmbruse \u00f5rna nahka, parandada selle elastsust ja v\u00e4hendada m\u00e4rgatavalt kortse ja kortsukesi ning naerukurde.<\/p>\n<p>Aminohapped ja peptiidid pinguldavad ja tugevdavad nahka, aitavad kaasa kollageeni ja elastiini s\u00fcnteesile, niatsiinamiid parandab naha elastsust ning muudab heledamaks h\u00fcperpigmenteerunud alad. Looduslikud ekstraktid ja \u00f5lid tagavad korraliku niisutuse. Melittiin, m\u00f5jutades kollageeni ja parandades verevarustust, pakub orgaaniliselt botoxilaadset t\u00f5stvat efekti.<\/p>\n\t\t<h5>Modal Popup &#8211; ID <\/h5>\n\t\tClick here to edit the &quot;Modal Popup&quot; settings. This text will not be visible on frontend.\t\n\t\t\t\t<img decoding=\"async\" src=\"https:\/\/melitty.com\/wp-content\/uploads\/2023\/01\/melitty-serum.png\" alt=\"MELITTY-Serum\" itemprop=\"image\" height=\"1024\" width=\"1024\" title=\"MELITTY-Serum\" onerror=\"this.style.display='none'\" loading='lazy' \/>\n\t\t\t\t<img decoding=\"async\" src=\"https:\/\/melitty.com\/wp-content\/uploads\/2023\/01\/melitty-moonlight.png\" alt=\"MELITTY-Moonlight\" itemprop=\"image\" height=\"1024\" width=\"1024\" title=\"MELITTY-Moonlight\" onerror=\"this.style.display='none'\" loading='lazy' \/>\n\t<h3>MELITTY<\/h3>\n<p>NIGHT<\/p>\n\t<p>Naistele, kes igatsevad parimat hooldust, on v\u00e4lja t\u00f6\u00f6tatud spetsiaalne kreem, mis j\u00e4tkab teie naha toitmist ka \u00f6\u00f6sel. \u00d6\u00f6sel peab nahk rohkem hingama ja uuenema.<\/p>\n<p>\u00d6\u00f6kreemi koostis on prii lisaainetest, mis v\u00f5iksid kuidagi h\u00e4irida naha vaba hingamist, kreem on muuhulgas vaba ka kaitsvast UV-faktorist, mis on vajalik vaid p\u00e4evasel ajal. \u00d6\u00f6kreemiga MELITTY NIGHT puhkab teie nahk k\u00f5ige paremini ja selles toimuvad \u00fcksnes uuendavad ja tervendavad protsessid.<\/p>\n\t\t\t<a href=\"#join-the-project\" target=\"_self\">\n\t\t\t\t\t\t\tOsale projektis\n\t\t\t\t\t<\/a>\n<h2>\n\t\t\tKuidas mesilasm\u00fcrk nahale m\u00f5jub? \t<\/h2>\n\t<p>Kuidas mesilasm\u00fcrk nahale m\u00f5jub? Melittiin on ainulaadne mitmekomponentne kompleks, sisaldades rohkem kui 18 bioloogiliselt aktiivset \u00fchendit ja 26 antioks\u00fcdanti, mis on saadud mesilasm\u00fcrgist. Seda aktiivset toimeainet on p\u00f5hjalikult uuritud ja selle nahka taastavaid ja uuendavaid omadusi uuriti hoolikalt juba 20. sajandil.<\/p>\n<p>Sel on nahale palju kasulikke toimeid: parandab vereringet, on antioks\u00fcdatiivse toimega ja toetab immuuns\u00fcsteemi. Melittiin on kasulik vere punalibledele ja toetab normaalset verevarustust naha s\u00fcgavaimates kihtides, parandades seel\u00e4bi ainevahetust ning stimuleerides rakkude uuenemist, elastiini ja kollageeni tootmist.<\/p>\n<p>Peptiidid stimuleerivad n\u00e4olihaseid, pakkudes seel\u00e4bi t\u00f5stvat ja ergastavat efekti. Sobib k\u00f5igile nahat\u00fc\u00fcpidele alates 27. eluaastast.<\/p>\n<h2>\n\t\t\tMELITTY tootesari valmistatakse Euroopas \t<\/h2>\n\t<p>Selle v\u00e4ljat\u00f6\u00f6tamiseks kulus oma ala parimatel teadlastel ja tootjatel rohkem kui 2 aastat<\/p>\n<p>Investeeringuid teadus- ja arendustegevusse tegid suurinvestorid ja siht\u00fchistud\/ kooperatiivid &#8211; need on tuhanded investorid kogu Euroopast.<\/p>\n<p>Esimesed tooten\u00e4idised tulevad m\u00fc\u00fcgile 2023. aastal.<\/p>\n\t<p>\u00ab<i>Mesilasm\u00fcrk on osutunud \u00e4\u00e4rmiselt tugevatoimeliseks. Seejuures me m\u00e4rkasime, et melittiin v\u00f5ib 60 minutiga t\u00e4ielikult h\u00e4vitada v\u00e4hirakkude membraani<\/i>\u00bb, &#8211; uuringu juhtiv autor Ciara Duffy, PhD, CMPP<\/p>\nMeditsiiniliste artiklite autor ettev\u00f5ttes Envision Pharma Group<br \/>\nSydney, New South Wales, Australia\n<h2>\n\t\t\tMELITTY\t<\/h2>\n<h3>\n\t\t\tEttev\u00f5tete <a href=\"http:\/\/dogboss.org\/\">DOGBOSS<\/a> ja rahvusvahelise sihtotstarbelise kooperatiivi <a href=\"http:\/\/intercoop.ee\/\">InterCoop<\/a> \u00fchisprojekt\t<\/h3>\n\t\t\n\t\t<p>Kui soovid rohkem teada toote kohta v\u00f5i osaleda projektis suur- v\u00f5i v\u00e4ikeosanikuna, liitu kooperatiivi InterCoop ja saa l\u00e4hemalt teada.<\/p>\n<p>V\u00f5ta \u00fchendust <a href=\"mailto:info@intercoop.ee\">info@intercoop.ee<\/a> v\u00f5i veebilehe kaudu <a href=\"https:\/\/intercoop.ee\">intercoop.ee<\/a><\/p>\n\t\t\t<a href=\"https:\/\/intercoop.ee\" target=\"_blank\" rel=\"noopener\">\n\t\t\t\t\t\t\tEdasi veebilehele InterCoop\n\t\t\t\t\t<\/a>\n\n","protected":false},"excerpt":{"rendered":"<p>MELITTY &#8211; maailma esimene orgaaniline botoxi efektiga n\u00e4okreem Kui te ei soovi minna ilukirurgi juurde v\u00f5i kasutada botoxi s\u00fcste, siis on see kreem Teile. Selle kreemi pidev kasutamine j\u00e4tab nahale botoxitaolise, kuid loomuliku ja pikaajalise lifting-efekti. Kortsukesed silenevad ja nahk muutub m\u00f5nusalt pehmeks, puhtaks, s\u00e4ravaks, siledaks, kauniks ja terveks. MELITTY PREMIUM Botoxi efektiga esmaklassiline kreemisari [&hellip;]<\/p>\n","protected":false},"author":1,"featured_media":0,"parent":0,"menu_order":0,"comment_status":"closed","ping_status":"closed","template":"","meta":{"inline_featured_image":false,"site-sidebar-layout":"no-sidebar","site-content-layout":"page-builder","ast-site-content-layout":"default","site-content-style":"default","site-sidebar-style":"default","ast-global-header-display":"","ast-banner-title-visibility":"","ast-main-header-display":"","ast-hfb-above-header-display":"","ast-hfb-below-header-display":"","ast-hfb-mobile-header-display":"","site-post-title":"disabled","ast-breadcrumbs-content":"","ast-featured-img":"disabled","footer-sml-layout":"","theme-transparent-header-meta":"","adv-header-id-meta":"","stick-header-meta":"","header-above-stick-meta":"","header-main-stick-meta":"","header-below-stick-meta":"","astra-migrate-meta-layouts":"default","ast-page-background-enabled":"default","ast-page-background-meta":{"desktop":{"background-color":"var(--ast-global-color-4)","background-image":"","background-repeat":"repeat","background-position":"center center","background-size":"auto","background-attachment":"scroll","background-type":"","background-media":"","overlay-type":"","overlay-color":"","overlay-opacity":"","overlay-gradient":""},"tablet":{"background-color":"","background-image":"","background-repeat":"repeat","background-position":"center center","background-size":"auto","background-attachment":"scroll","background-type":"","background-media":"","overlay-type":"","overlay-color":"","overlay-opacity":"","overlay-gradient":""},"mobile":{"background-color":"","background-image":"","background-repeat":"repeat","background-position":"center center","background-size":"auto","background-attachment":"scroll","background-type":"","background-media":"","overlay-type":"","overlay-color":"","overlay-opacity":"","overlay-gradient":""}},"ast-content-background-meta":{"desktop":{"background-color":"var(--ast-global-color-5)","background-image":"","background-repeat":"repeat","background-position":"center center","background-size":"auto","background-attachment":"scroll","background-type":"","background-media":"","overlay-type":"","overlay-color":"","overlay-opacity":"","overlay-gradient":""},"tablet":{"background-color":"var(--ast-global-color-5)","background-image":"","background-repeat":"repeat","background-position":"center center","background-size":"auto","background-attachment":"scroll","background-type":"","background-media":"","overlay-type":"","overlay-color":"","overlay-opacity":"","overlay-gradient":""},"mobile":{"background-color":"var(--ast-global-color-5)","background-image":"","background-repeat":"repeat","background-position":"center center","background-size":"auto","background-attachment":"scroll","background-type":"","background-media":"","overlay-type":"","overlay-color":"","overlay-opacity":"","overlay-gradient":""}},"footnotes":""},"class_list":["post-600","page","type-page","status-publish","hentry"],"_links":{"self":[{"href":"https:\/\/melitty.com\/et\/wp-json\/wp\/v2\/pages\/600","targetHints":{"allow":["GET"]}}],"collection":[{"href":"https:\/\/melitty.com\/et\/wp-json\/wp\/v2\/pages"}],"about":[{"href":"https:\/\/melitty.com\/et\/wp-json\/wp\/v2\/types\/page"}],"author":[{"embeddable":true,"href":"https:\/\/melitty.com\/et\/wp-json\/wp\/v2\/users\/1"}],"replies":[{"embeddable":true,"href":"https:\/\/melitty.com\/et\/wp-json\/wp\/v2\/comments?post=600"}],"version-history":[{"count":1,"href":"https:\/\/melitty.com\/et\/wp-json\/wp\/v2\/pages\/600\/revisions"}],"predecessor-version":[{"id":772,"href":"https:\/\/melitty.com\/et\/wp-json\/wp\/v2\/pages\/600\/revisions\/772"}],"wp:attachment":[{"href":"https:\/\/melitty.com\/et\/wp-json\/wp\/v2\/media?parent=600"}],"curies":[{"name":"wp","href":"https:\/\/api.w.org\/{rel}","templated":true}]}}