{"id":597,"date":"2023-01-12T17:52:39","date_gmt":"2023-01-12T15:52:39","guid":{"rendered":"https:\/\/melitty.com\/meeste-kosmeetika\/"},"modified":"2023-02-22T11:46:01","modified_gmt":"2023-02-22T09:46:01","slug":"meeste-kosmeetika","status":"publish","type":"page","link":"https:\/\/melitty.com\/et\/meeste-kosmeetika\/","title":{"rendered":"Meeste kosmeetika"},"content":{"rendered":"\n<h1>\n\t\tOle veelgi ilusam,\n\t<\/h1>\n<h2>\n\t\tkui sa suudad ette kujutada\n\t<\/h2>\n\t<h3>MELITTY<\/h3>\n<h3>\n\t\tMaailma esimene orgaanilise Botoxi efektiga n\u00e4okreem\n\t<\/h3>\n\t<p>Kui te ei soovi minna kirurgi juurde v\u00f5i kasutada Botoxi s\u00fcstimist, on see kreem just teile.<\/p>\n<p>Selle kreemi regulaarne kasutamine j\u00e4tab nahale loomuliku ja kauakestva Botoxi t\u00f5stva efekti, kortsud silutakse ning nahk on meeldivalt pehme, puhas, s\u00e4rav, sile, ilus ja terve. <\/p>\n\t\t\t<a href=\"#join-the-project\" target=\"_self\" role=\"button\" rel=\"noopener\">\n\t\t\t\t\t\t\tHakka projekti liikmeks\n\t\t\t\t\t<\/a>\n\t<h3>MELITTY<\/h3>\n<p>PREMIUM<\/p>\n<h3>\n\t\tEsmaklassiline Botox-kreem kortsude silumiseks ja vanusevigastuste kadumiseks.\n\t<\/h3>\n\t<p>Botoxi aktiivseid peptiide ja mesilasm\u00fcrki sisaldav n\u00e4ohoolduskreem on v\u00e4lja t\u00f6\u00f6tatud naha loomuliku tooni s\u00e4ilitamiseks ja tumedate laikude minimeerimiseks, et muuta jume s\u00e4ravamaks.  <a href=\"#\">Loe edasi<\/a><\/p>\n\t\t\t<a href=\"#join-the-project\" target=\"_self\" role=\"button\" rel=\"noopener\">\n\t\t\t\t\t\t\tHakka projekti liikmeks\n\t\t\t\t\t<\/a>\n\t\t\t<h3>MELITTY<\/h3>\n<p>PREMIUM<\/p>\n<p>Botoxi aktiivseid peptiide ja mesilasm\u00fcrki sisaldav n\u00e4ohoolduskreem on v\u00e4lja t\u00f6\u00f6tatud naha loomuliku tooni s\u00e4ilitamiseks ja tumedate laikude minimeerimiseks, et muuta jume s\u00e4ravamaks.<\/p>\n<p>See on eriline kombinatsioon looduslikest taimeekstraktidest, sealhulgas siidipeptiidid, oliivipuu, avokaado, mustika ja sidruni ekstraktid, mis lisaks aitavad v\u00e4hendada vanusevigastusi.  <br \/>Rikastatud mesilasm\u00fcrgiga, looduslike \u00f5lide ja C-, E- ja B5-vitamiinidega, niisutab, toidab, kaitseb ja hooldab. Omab UV-kaitsetegurit.<\/p>\n<p>Lisaks revolutsioonilisele nahatoimivale koostisosale Mellitin on MELITTY PREMIUMi tootesarja lisatud haruldane ja v\u00e4ga kallis looduslik koostisosa, \u017een\u0161enni juurte ekstrakt.<\/p>\n<p>\u017den\u0161enni ekstrakt on juba sajandeid tuntud oma noorendavate omaduste poolest. Seep\u00e4rast on MELITTY PREMIUM k\u00f5ige v\u00f5imsam ja revolutsioonilisem kreem loomulikult nooruslikule nahale.<\/p>\n\t\t<h5>Modal Popup &#8211; ID <\/h5>\n\t\tClick here to edit the &quot;Modal Popup&quot; settings. This text will not be visible on frontend.\t\n\t\t\t\t<img loading=\"lazy\" decoding=\"async\" src=\"https:\/\/melitty.com\/wp-content\/uploads\/2023\/01\/melitty-premium-men.png\" alt=\"MELITTY-Premium-men\" itemprop=\"image\" height=\"1024\" width=\"1024\" title=\"MELITTY-Premium-men\" onerror=\"this.style.display='none'\"  \/>\n\t\t\t\t<img loading=\"lazy\" decoding=\"async\" src=\"https:\/\/melitty.com\/wp-content\/uploads\/2023\/01\/melitty-serum-men.png\" alt=\"Melitty-Serum-men\" itemprop=\"image\" height=\"1024\" width=\"1024\" title=\"Melitty-Serum-men\" onerror=\"this.style.display='none'\"  \/>\n\t<h3>MELITTY<\/h3>\n<p>SERUM<\/p>\n\t<p>Silmaseerum, mis on m\u00f5eldud k\u00f5ige n\u00f5udlikumatele klientidele. See t\u00f5hus kortsudevastane kreem, mis sisaldab Theolimat, mesilasm\u00fcrki, fermenteeritud kollageeni, h\u00fcaluroonhapet ja peptiide, aitab siluda silmade \u00fcmbruse nahka, parandada selle elastsust ja v\u00e4hendada n\u00e4htavalt kortse, peenikesi jooni ja naerupilte.  <a href=\"#\">Loe edasi<\/a><\/p>\n\t\t\t<a href=\"#join-the-project\" target=\"_self\" role=\"button\" rel=\"noopener\">\n\t\t\t\t\t\t\tHakka projekti liikmeks\n\t\t\t\t\t<\/a>\n\t\t\t<h3>MELITTY<\/h3>\n<p>SERUM<\/p>\n<p>Silmaseerum, mis on m\u00f5eldud k\u00f5ige n\u00f5udlikumatele klientidele. See t\u00f5hus kortsudevastane kreem, mis sisaldab Theolimat, mesilasm\u00fcrki, fermenteeritud kollageeni, h\u00fcaluroonhapet ja peptiide, aitab siluda silmade \u00fcmbruse nahka, parandada selle elastsust ja v\u00e4hendada n\u00e4htavalt kortse, peenikesi jooni ja naerupilte.<\/p>\n<p>Aminohapped ja peptiidid pinguldavad ja pinguldavad nahka, soodustades kollageeni ja elastiini s\u00fcnteesi, niatsinamiid parandab naha elastsust ja helendab h\u00fcperpigmentatsiooni. Looduslikud ekstraktid ja \u00f5lid tagavad n\u00f5uetekohase niisutuse.<\/p>\n<p>Melittin, m\u00f5jutades kollageeni ja parandades vereringet, t\u00e4idab Botoxi orgaanilise t\u00f5stva toime p\u00f5hifunktsiooni.<\/p>\n\t\t<h5>Modal Popup &#8211; ID <\/h5>\n\t\tClick here to edit the &quot;Modal Popup&quot; settings. This text will not be visible on frontend.\t\n<h2>\n\t\tKuidas m\u00f5jutab mesilasm\u00fcrk mu nahka? \n\t<\/h2>\n\t<p>Melittin on ainulaadne mitmekomponentne kompleks, mis sisaldab rohkem kui 18 bioaktiivset \u00fchendit ja 26 antioks\u00fcdanti, mis on saadud mesilasm\u00fcrgist. Seda toimeainet on p\u00f5hjalikult uuritud ja selle nahka tervendavaid omadusi uuriti p\u00f5hjalikult juba 20. sajandil.<\/p>\n<p>Sellel on nahale mitmeid kasulikke m\u00f5jusid: see parandab vereringet, m\u00f5jub antioks\u00fcdandina ja toetab immuuns\u00fcsteemi. Melittin on kasulik er\u00fctrots\u00fc\u00fctidele ja toetab normaalset vereringet naha s\u00fcgavamates kihtides, parandades seel\u00e4bi ainevahetust ja stimuleerides rakkude uuenemist ning elastiini ja kollageeni tootmist.<\/p>\n<p>Peptiidid stimuleerivad n\u00e4olihaseid, andes seel\u00e4bi t\u00f5stva ja ergutava efekti. Sobib k\u00f5ikidele nahat\u00fc\u00fcpidele \u00fcle 27 aasta.<\/p>\n<h2>\n\t\tMELITTY tooted on toodetud Euroopas. \n\t<\/h2>\n\t<p>Selle v\u00e4ljat\u00f6\u00f6tamiseks kulus oma ala parimatel teadlastel ja tootjatel \u00fcle kahe aasta.<\/p>\n<p>Investeeringud teadus- ja arendustegevuseks andsid suured investorid ja sihtotstarbelised \u00fchistud &#8211; tuhanded investorid kogu Euroopast.<\/p>\n<p>Esimesed tooted j\u00f5uavad m\u00fc\u00fcgile 2023. aastal.<\/p>\n\t<p><i>&#8220;Mesilasm\u00fcrk on osutunud \u00e4\u00e4rmiselt tugevaks. Ja me leidsime, et melittin v\u00f5ib t\u00e4ielikult h\u00e4vitada v\u00e4hirakkude membraane 60 minutiga,&#8221; \u00fctles <\/i>uuringu juhtivautor Ciara Duffy, PhD, CMPP.<\/p>\nMeditsiiniline kirjutaja Envision Pharma Groupis<br \/>\nSydney, Uus-L\u00f5una-Wales, Austraalia\n<h2>\n\t\tMELITTY\n\t<\/h2>\n<h3>\n\t\tEttev\u00f5tete <a href=\"http:\/\/dogboss.org\/\">DOGBOSS<\/a> ja rahvusvahelise sihtotstarbelise kooperatiivi <a href=\"http:\/\/intercoop.ee\/\">InterCoop<\/a> \u00fchisprojekt\n\t<\/h3>\n\t\t\n\t\t<p>Kui soovid rohkem teada toote kohta v\u00f5i osaleda projektis suur- v\u00f5i v\u00e4ikeosanikuna, liitu kooperatiivi InterCoop ja saa l\u00e4hemalt teada.<\/p>\n<p>V\u00f5ta \u00fchendust <a href=\"mailto:info@intercoop.ee\">info@intercoop.ee<\/a> v\u00f5i veebilehe kaudu <a href=\"https:\/\/intercoop.ee\">intercoop.ee<\/a><\/p>\n\t\t\t<a href=\"https:\/\/intercoop.ee\" target=\"_blank\" role=\"button\" rel=\"noopener\">\n\t\t\t\t\t\t\tEdasi veebilehele InterCoop\n\t\t\t\t\t<\/a>\n\n","protected":false},"excerpt":{"rendered":"<p>Ole veelgi ilusam, kui sa suudad ette kujutada MELITTY Maailma esimene orgaanilise Botoxi efektiga n\u00e4okreem Kui te ei soovi minna kirurgi juurde v\u00f5i kasutada Botoxi s\u00fcstimist, on see kreem just teile. Selle kreemi regulaarne kasutamine j\u00e4tab nahale loomuliku ja kauakestva Botoxi t\u00f5stva efekti, kortsud silutakse ning nahk on meeldivalt pehme, puhas, s\u00e4rav, sile, ilus ja [&hellip;]<\/p>\n","protected":false},"author":1,"featured_media":0,"parent":0,"menu_order":0,"comment_status":"closed","ping_status":"closed","template":"","meta":{"inline_featured_image":false,"site-sidebar-layout":"no-sidebar","site-content-layout":"page-builder","ast-site-content-layout":"default","site-content-style":"default","site-sidebar-style":"default","ast-global-header-display":"","ast-banner-title-visibility":"","ast-main-header-display":"","ast-hfb-above-header-display":"","ast-hfb-below-header-display":"","ast-hfb-mobile-header-display":"","site-post-title":"disabled","ast-breadcrumbs-content":"","ast-featured-img":"disabled","footer-sml-layout":"","theme-transparent-header-meta":"","adv-header-id-meta":"","stick-header-meta":"","header-above-stick-meta":"","header-main-stick-meta":"","header-below-stick-meta":"","astra-migrate-meta-layouts":"default","ast-page-background-enabled":"default","ast-page-background-meta":{"desktop":{"background-color":"var(--ast-global-color-4)","background-image":"","background-repeat":"repeat","background-position":"center center","background-size":"auto","background-attachment":"scroll","background-type":"","background-media":"","overlay-type":"","overlay-color":"","overlay-opacity":"","overlay-gradient":""},"tablet":{"background-color":"","background-image":"","background-repeat":"repeat","background-position":"center center","background-size":"auto","background-attachment":"scroll","background-type":"","background-media":"","overlay-type":"","overlay-color":"","overlay-opacity":"","overlay-gradient":""},"mobile":{"background-color":"","background-image":"","background-repeat":"repeat","background-position":"center center","background-size":"auto","background-attachment":"scroll","background-type":"","background-media":"","overlay-type":"","overlay-color":"","overlay-opacity":"","overlay-gradient":""}},"ast-content-background-meta":{"desktop":{"background-color":"var(--ast-global-color-5)","background-image":"","background-repeat":"repeat","background-position":"center center","background-size":"auto","background-attachment":"scroll","background-type":"","background-media":"","overlay-type":"","overlay-color":"","overlay-opacity":"","overlay-gradient":""},"tablet":{"background-color":"var(--ast-global-color-5)","background-image":"","background-repeat":"repeat","background-position":"center center","background-size":"auto","background-attachment":"scroll","background-type":"","background-media":"","overlay-type":"","overlay-color":"","overlay-opacity":"","overlay-gradient":""},"mobile":{"background-color":"var(--ast-global-color-5)","background-image":"","background-repeat":"repeat","background-position":"center center","background-size":"auto","background-attachment":"scroll","background-type":"","background-media":"","overlay-type":"","overlay-color":"","overlay-opacity":"","overlay-gradient":""}},"footnotes":""},"class_list":["post-597","page","type-page","status-publish","hentry"],"_links":{"self":[{"href":"https:\/\/melitty.com\/et\/wp-json\/wp\/v2\/pages\/597","targetHints":{"allow":["GET"]}}],"collection":[{"href":"https:\/\/melitty.com\/et\/wp-json\/wp\/v2\/pages"}],"about":[{"href":"https:\/\/melitty.com\/et\/wp-json\/wp\/v2\/types\/page"}],"author":[{"embeddable":true,"href":"https:\/\/melitty.com\/et\/wp-json\/wp\/v2\/users\/1"}],"replies":[{"embeddable":true,"href":"https:\/\/melitty.com\/et\/wp-json\/wp\/v2\/comments?post=597"}],"version-history":[{"count":1,"href":"https:\/\/melitty.com\/et\/wp-json\/wp\/v2\/pages\/597\/revisions"}],"predecessor-version":[{"id":718,"href":"https:\/\/melitty.com\/et\/wp-json\/wp\/v2\/pages\/597\/revisions\/718"}],"wp:attachment":[{"href":"https:\/\/melitty.com\/et\/wp-json\/wp\/v2\/media?parent=597"}],"curies":[{"name":"wp","href":"https:\/\/api.w.org\/{rel}","templated":true}]}}